{"id":255,"date":"2016-05-23T10:30:24","date_gmt":"2016-05-23T10:30:24","guid":{"rendered":"http:\/\/test.kriesi.at\/enfold-health-coach\/?page_id=255"},"modified":"2025-03-12T17:21:30","modified_gmt":"2025-03-12T14:21:30","slug":"contact","status":"publish","type":"page","link":"https:\/\/tapistusa.com\/index.php\/contact\/","title":{"rendered":"Contact"},"content":{"rendered":"<div id='welcome'  class='av-layout-grid-container av-uph9j-84214ab1cc7cef9ec5fb0fb624ef4e69 entry-content-wrapper main_color av-fixed-cells  avia-builder-el-0  el_before_av_google_map  avia-builder-el-first   container_wrap sidebar_right'  >\n\n<style type=\"text\/css\" data-created_by=\"avia_inline_auto\" id=\"style-css-av-pfph3-511283c98e12e13474c21a3fd56760a5\">\n.flex_cell.av-pfph3-511283c98e12e13474c21a3fd56760a5{\nvertical-align:top;\nheight:15px;\nmin-height:15px;\nbackground-color:#9c0300;\n}\n.responsive #top #wrap_all .flex_cell.av-pfph3-511283c98e12e13474c21a3fd56760a5{\npadding:0px 0px 0px 0px !important;\n}\n<\/style>\n<div class='flex_cell av-pfph3-511283c98e12e13474c21a3fd56760a5 av-gridrow-cell av_one_fourth no_margin  avia-builder-el-1  el_before_av_cell_one_fourth  avia-builder-el-first  av-zero-padding'  ><div class='flex_cell_inner'><\/div><\/div>\n<style type=\"text\/css\" data-created_by=\"avia_inline_auto\" id=\"style-css-av-lk9ev-fd5715d303af439559e6e96f251d2acd\">\n.flex_cell.av-lk9ev-fd5715d303af439559e6e96f251d2acd{\nvertical-align:top;\nheight:15px;\nmin-height:15px;\nbackground-color:#c90a00;\n}\n.responsive #top #wrap_all .flex_cell.av-lk9ev-fd5715d303af439559e6e96f251d2acd{\npadding:0px 0px 0px 0px !important;\n}\n<\/style>\n<div class='flex_cell av-lk9ev-fd5715d303af439559e6e96f251d2acd av-gridrow-cell av_one_fourth no_margin  avia-builder-el-2  el_after_av_cell_one_fourth  el_before_av_cell_one_fourth  av-zero-padding'  ><div class='flex_cell_inner'><\/div><\/div>\n<style type=\"text\/css\" data-created_by=\"avia_inline_auto\" id=\"style-css-av-d420v-46286a9188728a7dbcc86c813158ed51\">\n.flex_cell.av-d420v-46286a9188728a7dbcc86c813158ed51{\nvertical-align:top;\nheight:15px;\nmin-height:15px;\nbackground-color:#ef0000;\n}\n.responsive #top #wrap_all .flex_cell.av-d420v-46286a9188728a7dbcc86c813158ed51{\npadding:0px 0px 0px 0px !important;\n}\n<\/style>\n<div class='flex_cell av-d420v-46286a9188728a7dbcc86c813158ed51 av-gridrow-cell av_one_fourth no_margin  avia-builder-el-3  el_after_av_cell_one_fourth  el_before_av_cell_one_fourth  av-zero-padding'  ><div class='flex_cell_inner'><\/div><\/div>\n<style type=\"text\/css\" data-created_by=\"avia_inline_auto\" id=\"style-css-av-7ucjr-108a22f4eadcae9f5acd45bf2815842c\">\n.flex_cell.av-7ucjr-108a22f4eadcae9f5acd45bf2815842c{\nvertical-align:top;\nheight:15px;\nmin-height:15px;\nbackground-color:#ff0000;\n}\n.responsive #top #wrap_all .flex_cell.av-7ucjr-108a22f4eadcae9f5acd45bf2815842c{\npadding:0px 0px 0px 0px !important;\n}\n<\/style>\n<div class='flex_cell av-7ucjr-108a22f4eadcae9f5acd45bf2815842c av-gridrow-cell av_one_fourth no_margin  avia-builder-el-4  el_after_av_cell_one_fourth  avia-builder-el-last  av-zero-padding'  ><div class='flex_cell_inner'><\/div><\/div>\n<\/div>\n\n<div id='hello'  class='av-layout-grid-container av-ov4qf-64caae4de8f921f04cbede4f36361fd5 entry-content-wrapper main_color av-flex-cells  avia-builder-el-6  el_after_av_google_map  avia-builder-el-last  grid-row-not-first  container_wrap sidebar_right'  >\n\n<style type=\"text\/css\" data-created_by=\"avia_inline_auto\" id=\"style-css-av-k81av-2232be8a5796b83a5f89fed8bfc22edb\">\n.flex_cell.av-k81av-2232be8a5796b83a5f89fed8bfc22edb{\nvertical-align:top;\n}\n.responsive #top #wrap_all .flex_cell.av-k81av-2232be8a5796b83a5f89fed8bfc22edb{\npadding:100px 100px 100px 100px !important;\n}\n<\/style>\n<div class='flex_cell av-k81av-2232be8a5796b83a5f89fed8bfc22edb av-gridrow-cell av_one_half no_margin  avia-builder-el-7  el_before_av_cell_one_half  avia-builder-el-first '  ><div class='flex_cell_inner'><p>\n<style type=\"text\/css\" data-created_by=\"avia_inline_auto\" id=\"style-css-av-m6hmzk3u-009834fd5fedcbad4f4265248a1ee562\">\n#top .av-special-heading.av-m6hmzk3u-009834fd5fedcbad4f4265248a1ee562{\npadding-bottom:30px;\nfont-size:70px;\n}\nbody .av-special-heading.av-m6hmzk3u-009834fd5fedcbad4f4265248a1ee562 .av-special-heading-tag .heading-char{\nfont-size:25px;\n}\n#top #wrap_all .av-special-heading.av-m6hmzk3u-009834fd5fedcbad4f4265248a1ee562 .av-special-heading-tag{\nfont-size:70px;\n}\n.av-special-heading.av-m6hmzk3u-009834fd5fedcbad4f4265248a1ee562 .av-subheading{\nfont-size:15px;\n}\n\n@media only screen and (min-width: 480px) and (max-width: 767px){ \n#top #wrap_all .av-special-heading.av-m6hmzk3u-009834fd5fedcbad4f4265248a1ee562 .av-special-heading-tag{\nfont-size:0.8em;\n}\n}\n\n@media only screen and (max-width: 479px){ \n#top #wrap_all .av-special-heading.av-m6hmzk3u-009834fd5fedcbad4f4265248a1ee562 .av-special-heading-tag{\nfont-size:0.8em;\n}\n}\n<\/style>\n<div  class='av-special-heading av-m6hmzk3u-009834fd5fedcbad4f4265248a1ee562 av-special-heading-h1 blockquote modern-quote  avia-builder-el-8  el_before_av_textblock  avia-builder-el-first  av-inherit-size'><h1 class='av-special-heading-tag '  itemprop=\"headline\"  >Geti in <u>touch<\/u><\/h1><div class=\"special-heading-border\"><div class=\"special-heading-inner-border\"><\/div><\/div><\/div><br \/>\n<section  class='av_textblock_section av-m6hn2jtl-0cdc81f52603931490c2dab2f59405e7 '   itemscope=\"itemscope\" itemtype=\"https:\/\/schema.org\/CreativeWork\" ><div class='avia_textblock'  itemprop=\"text\" ><p>Feel free to reach out to us for any questions, feedback, or suggestions. Our team is ready to get back to you as soon as possible. You can contact us using the information below or fill out the contact form to send us a message.<\/p>\n<\/div><\/section><br \/>\n<div  class='hr av-ehsx3-1c5d320a681b8d482fa9a71f68ff264f hr-default  avia-builder-el-10  el_after_av_textblock  el_before_av_textblock '><span class='hr-inner '><span class=\"hr-inner-style\"><\/span><\/span><\/div><br \/>\n<section  class='av_textblock_section av-m6hn3w9c-ba00a85f53d4cc24bd4ffabae4102878 '   itemscope=\"itemscope\" itemtype=\"https:\/\/schema.org\/CreativeWork\" ><div class='avia_textblock'  itemprop=\"text\" ><h2>France<\/p>\n<p>Phone: <u>+33 (0)1 75 94 63 67<\/u><br \/>\nPhone 2: <u>+33 (0)6 26 78 47 85<\/u><br \/>\nMail: <u>info@tapistusa.com<\/u><\/h2>\n<h2>Turkey<\/p>\n<p>Phone: <u>+90 532 215 27 64<\/u><br \/>\nMail: <u>info@tapistusa.com<\/u><\/h2>\n<h2>Usa<\/p>\n<p>Phone: <u>+1 (404) 801 4002<\/u><br \/>\nMail <u>info@tapistusa.com<br \/>\ntekin@tapistusa.com<\/u><\/h2>\n<\/div><\/section><br \/>\n\n<style type=\"text\/css\" data-created_by=\"avia_inline_auto\" id=\"style-css-av-7twcf-588af931ee2342051a8b7ab8379480f3\">\n#top .hr.hr-invisible.av-7twcf-588af931ee2342051a8b7ab8379480f3{\nheight:20px;\n}\n<\/style>\n<div  class='hr av-7twcf-588af931ee2342051a8b7ab8379480f3 hr-invisible  avia-builder-el-12  el_after_av_textblock  avia-builder-el-last '><span class='hr-inner '><span class=\"hr-inner-style\"><\/span><\/span><\/div><\/p>\n<\/div><\/div>\n<style type=\"text\/css\" data-created_by=\"avia_inline_auto\" id=\"style-css-av-m6hn5drt-17c674fcb87df8bf3f02c1290c2d914d\">\n.flex_cell.av-m6hn5drt-17c674fcb87df8bf3f02c1290c2d914d{\nvertical-align:top;\n}\n.responsive #top #wrap_all .flex_cell.av-m6hn5drt-17c674fcb87df8bf3f02c1290c2d914d{\npadding:100px 100px 100px 100px !important;\n}\n<\/style>\n<div class='flex_cell av-m6hn5drt-17c674fcb87df8bf3f02c1290c2d914d av-gridrow-cell av_one_half no_margin  avia-builder-el-13  el_after_av_cell_one_half  avia-builder-el-last  avia-full-stretch'  ><div class='flex_cell_inner'><form action=\"https:\/\/tapistusa.com\/index.php\/contact\/\" method=\"post\" data-fields-with-error=\"Found errors in the following field(s):\" class=\"avia_ajax_form av-form-labels-visible   avia-builder-el-14  avia-builder-el-no-sibling   \" data-avia-form-id=\"1\" data-avia-redirect=''  aria-label='Kontakt Formu' ><h3 class=''>Send us an e-mail<\/h3><fieldset><p class='  first_form  form_element form_fullwidth' id='element_avia_1_1'><label for=\"avia_1_1\">Name <abbr class=\"required\" title=\"Zorunlu\">*<\/abbr><\/label> <input name=\"avia_1_1\" class=\"text_input is_empty\" type=\"text\" id=\"avia_1_1\" value=\"\" \/><\/p><p class='  first_form  form_element form_fullwidth' id='element_avia_2_1'><label for=\"avia_2_1\">E-Mail<\/label> <input name=\"avia_2_1\" class=\"text_input \" type=\"text\" id=\"avia_2_1\" value=\"\" \/><\/p><p class='  first_form  form_element form_fullwidth' id='element_avia_3_1'><label for=\"avia_3_1\">Subject <abbr class=\"required\" title=\"Zorunlu\">*<\/abbr><\/label> <input name=\"avia_3_1\" class=\"text_input is_empty\" type=\"text\" id=\"avia_3_1\" value=\"\" \/><\/p><p class='  first_form  form_element form_fullwidth' id='element_avia_4_1'><label for=\"avia_4_1\" class=\"textare_label hidden textare_label_avia_4_1\">Message <abbr class=\"required\" title=\"Zorunlu\">*<\/abbr><\/label><textarea  name=\"avia_4_1\" class=\"text_area is_empty\" cols=\"40\" rows=\"7\" id=\"avia_4_1\" ><\/textarea><\/p><p class=\"hidden\"><input type=\"text\" name=\"avia_5_1\" class=\"hidden \" id=\"avia_5_1\" value=\"\" \/><\/p><p class='   form_element form_fullwidth' id='element_avia_6_1'><span class='value_verifier_label'>0 + 1 = ?<\/span><input name=\"avia_6_1_verifier\" type=\"hidden\" id=\"avia_6_1_verifier\" value=\"241358452\"\/><label for=\"avia_6_1\">L\u00fctfen denklemi \u00e7\u00f6zerek insan oldu\u011funuzu kan\u0131tlay\u0131n\u0131z <abbr class=\"required\" title=\"Zorunlu\">*<\/abbr><\/label><input name=\"avia_6_1\" class=\"text_input captcha\" type=\"text\" id=\"avia_6_1\" value=\"\"\/><\/p><p class=\"form_element \"><input type=\"hidden\" value=\"1\" name=\"avia_generated_form1\" \/><input type=\"submit\" value=\"Send\" class=\"button\"  data-sending-label=\"G\u00f6nderiliyor\"\/><\/p><\/fieldset><\/form><div id=\"ajaxresponse_1\" class=\"ajaxresponse ajaxresponse_1 hidden\"><\/div>\n<\/div><\/div><\/div>\n","protected":false},"excerpt":{"rendered":"","protected":false},"author":1,"featured_media":0,"parent":0,"menu_order":0,"comment_status":"closed","ping_status":"closed","template":"","meta":{"footnotes":""},"class_list":["post-255","page","type-page","status-publish","hentry"],"_links":{"self":[{"href":"https:\/\/tapistusa.com\/index.php\/wp-json\/wp\/v2\/pages\/255","targetHints":{"allow":["GET"]}}],"collection":[{"href":"https:\/\/tapistusa.com\/index.php\/wp-json\/wp\/v2\/pages"}],"about":[{"href":"https:\/\/tapistusa.com\/index.php\/wp-json\/wp\/v2\/types\/page"}],"author":[{"embeddable":true,"href":"https:\/\/tapistusa.com\/index.php\/wp-json\/wp\/v2\/users\/1"}],"replies":[{"embeddable":true,"href":"https:\/\/tapistusa.com\/index.php\/wp-json\/wp\/v2\/comments?post=255"}],"version-history":[{"count":14,"href":"https:\/\/tapistusa.com\/index.php\/wp-json\/wp\/v2\/pages\/255\/revisions"}],"predecessor-version":[{"id":663,"href":"https:\/\/tapistusa.com\/index.php\/wp-json\/wp\/v2\/pages\/255\/revisions\/663"}],"wp:attachment":[{"href":"https:\/\/tapistusa.com\/index.php\/wp-json\/wp\/v2\/media?parent=255"}],"curies":[{"name":"wp","href":"https:\/\/api.w.org\/{rel}","templated":true}]}}